{"id":40,"date":"2012-12-20T22:50:06","date_gmt":"2012-12-20T20:50:06","guid":{"rendered":"http:\/\/hotel-weinstube-roemer.de\/wordpress\/?page_id=40"},"modified":"2014-11-29T18:58:36","modified_gmt":"2014-11-29T16:58:36","slug":"umgebung","status":"publish","type":"page","link":"https:\/\/hotel-weinstube-roemer.de\/?page_id=40","title":{"rendered":"Wissenswert"},"content":{"rendered":"<p style=\"text-align: left;\">Alzey &#8211; Die Perle Rheinhessens<\/p>\n<p style=\"text-align: left;\">Mitten in Rheinhessen, dem gr\u00f6\u00dften Deutschen Weinanbaugebiet, liegt Alzey mit seinen knapp 18.000 Einwohner.<br \/>\nDie gem\u00fctliche Altstadt mit den gut erhaltenen Fachwerkh\u00e4usern l\u00e4dt zum Verweilen ein. Im Zentrum, am Ro\u00dfmarkt,<br \/>\nsteht das gro\u00dfe Bronze Pferd &#8211; Max, welches gerne und oft als Fotomotiv verwendet wird.<\/p>\n<div id=\"attachment_328\" style=\"width: 235px\" class=\"wp-caption alignright\"><a href=\"http:\/\/hotel-weinstube-roemer.de\/wordpress\/wp-content\/uploads\/2012\/12\/20120421_163358.jpg\"><img loading=\"lazy\" decoding=\"async\" aria-describedby=\"caption-attachment-328\" class=\"wp-image-328 size-medium\" src=\"http:\/\/hotel-weinstube-roemer.de\/wp-content\/uploads\/2012\/12\/20120421_163358-225x300.jpg\" alt=\"\" width=\"225\" height=\"300\" srcset=\"https:\/\/hotel-weinstube-roemer.de\/wp-content\/uploads\/2012\/12\/20120421_163358-225x300.jpg 225w, https:\/\/hotel-weinstube-roemer.de\/wp-content\/uploads\/2012\/12\/20120421_163358-768x1024.jpg 768w\" sizes=\"auto, (max-width: 225px) 100vw, 225px\" \/><\/a><p id=\"caption-attachment-328\" class=\"wp-caption-text\">Stadtmauer<\/p><\/div>\n<p>Teile der Stadtmauer, Ausgrabungen des R\u00f6merkastells, \u00a0Museum, Burggrafiat mit wechselnden Ausstellungen und vieles mehr k\u00f6nnen jederzeit besichtigt werden.<\/p>\n<p>Ein weiteres Highlight ist das Alzeyer Schloss, das heute als Amtsgericht und Internat genutzt wird. Der sch\u00f6ne Schlosshof bietet ein unbeschreibliches romantisches Ambiente, zum Beispiel f\u00fcr das einmal im Jahr stattfindende DaCapo Festival.<\/p>\n<p>Am ersten Sonntag im September wird, bevor die Weinlese beginnt, zur Alzeyer Wingertsh\u00e4uschenwanderung eingeladen. Die Weinbergswanderung lockt tausende Besucher und ist absolut zu empfehlen um das Alzeyer H\u00fcgelland und die Alzeyer Gastfreundlichkeit kennen zu lernen. Die zahlreich gepflegten Weinbergsh\u00e4uschen sind absolut sehenswert. Hier werden Weine aus der Region und landestypische Leckereien angeboten.<\/p>\n<p>Am dritten Wochenende im September von Freitag bis Dienstag wird das Winzerfest gefeiert. Viele Fahrgesch\u00e4fte, Musik, Wein und leckeres Essen machen einen Besuch unvergesslich.<\/p>\n<p>&nbsp;<\/p>\n<p>&nbsp;<\/p>\n<h1 style=\"text-align: left;\">Geschichte<\/h1>\n<p><img loading=\"lazy\" decoding=\"async\" class=\"alignleft size-full wp-image-126\" style=\"margin-bottom: 25px;\" src=\"http:\/\/hotel-weinstube-roemer.de\/wordpress\/wp-content\/uploads\/2012\/12\/Geschichte_Artikelbild.png\" alt=\"Geschichte_Artikelbild\" width=\"920\" height=\"322\" srcset=\"https:\/\/hotel-weinstube-roemer.de\/wp-content\/uploads\/2012\/12\/Geschichte_Artikelbild.png 920w, https:\/\/hotel-weinstube-roemer.de\/wp-content\/uploads\/2012\/12\/Geschichte_Artikelbild-300x105.png 300w\" sizes=\"auto, (max-width: 920px) 100vw, 920px\" \/><\/p>\n<p>&nbsp;<\/p>\n<p>Der Rossmarkt war schon immer die &#8222;Drehscheibe&#8220; der Stadt, fand doch hier &#8211; wir der Name schon sagt &#8211; der Pferdemarkt statt. Mobile Verkaufsst\u00e4nde boten ihre Waren an, es wurde gehandelt, getauscht, es herrschte reges Treiben. Im Laufe der Jahre wurden immer mehr H\u00e4ndler sesshaft und so entstanden u.a. auch um den Rossmarkt viele Gesch\u00e4ftsh\u00e4user. Das heute unter Denkmalschutz stehende Fachwerkhaus &#8222;R\u00f6mer&#8220; wurde um 1690 erbaut. Bereits im Jahr 1867 soll hier erstmals eine Schankwirtschaft er\u00f6ffnet worden sein.\u00a0Nach wechselnder Nutzung als Gesch\u00e4ftshaus er\u00f6ffnen die Eheleute Schuckmann im April 1988 die &#8222;Weinstube R\u00f6mer&#8220;.<\/p>\n<p>&nbsp;<\/p>\n<p>&nbsp;<\/p>\n","protected":false},"excerpt":{"rendered":"<p>Alzey &#8211; Die Perle Rheinhessens Mitten in Rheinhessen, dem gr\u00f6\u00dften Deutschen Weinanbaugebiet, liegt Alzey mit seinen knapp 18.000 Einwohner. Die gem\u00fctliche Altstadt mit den gut erhaltenen Fachwerkh\u00e4usern l\u00e4dt zum Verweilen ein. Im Zentrum, am Ro\u00dfmarkt, steht das gro\u00dfe Bronze Pferd &#8211; Max, welches gerne und oft als Fotomotiv verwendet wird. Teile der Stadtmauer, Ausgrabungen des [&hellip;]<\/p>\n","protected":false},"author":1,"featured_media":116,"parent":0,"menu_order":4,"comment_status":"open","ping_status":"open","template":"page_full.php","meta":{"footnotes":""},"class_list":["post-40","page","type-page","status-publish","has-post-thumbnail","hentry"],"_links":{"self":[{"href":"https:\/\/hotel-weinstube-roemer.de\/index.php?rest_route=\/wp\/v2\/pages\/40","targetHints":{"allow":["GET"]}}],"collection":[{"href":"https:\/\/hotel-weinstube-roemer.de\/index.php?rest_route=\/wp\/v2\/pages"}],"about":[{"href":"https:\/\/hotel-weinstube-roemer.de\/index.php?rest_route=\/wp\/v2\/types\/page"}],"author":[{"embeddable":true,"href":"https:\/\/hotel-weinstube-roemer.de\/index.php?rest_route=\/wp\/v2\/users\/1"}],"replies":[{"embeddable":true,"href":"https:\/\/hotel-weinstube-roemer.de\/index.php?rest_route=%2Fwp%2Fv2%2Fcomments&post=40"}],"version-history":[{"count":18,"href":"https:\/\/hotel-weinstube-roemer.de\/index.php?rest_route=\/wp\/v2\/pages\/40\/revisions"}],"predecessor-version":[{"id":456,"href":"https:\/\/hotel-weinstube-roemer.de\/index.php?rest_route=\/wp\/v2\/pages\/40\/revisions\/456"}],"wp:featuredmedia":[{"embeddable":true,"href":"https:\/\/hotel-weinstube-roemer.de\/index.php?rest_route=\/wp\/v2\/media\/116"}],"wp:attachment":[{"href":"https:\/\/hotel-weinstube-roemer.de\/index.php?rest_route=%2Fwp%2Fv2%2Fmedia&parent=40"}],"curies":[{"name":"wp","href":"https:\/\/api.w.org\/{rel}","templated":true}]}}