{"id":538,"date":"2020-05-24T19:47:08","date_gmt":"2020-05-24T17:47:08","guid":{"rendered":"http:\/\/hotel-weinstube-roemer.de\/?page_id=538"},"modified":"2020-05-24T20:44:30","modified_gmt":"2020-05-24T18:44:30","slug":"startseite","status":"publish","type":"page","link":"https:\/\/hotel-weinstube-roemer.de\/","title":{"rendered":"Startseite"},"content":{"rendered":"\n<p>Herzlich willkommen&nbsp;in Alzey, der gem\u00fctlichen Kreisstadt im Herzen der rheinhessischen H\u00fcgellandschaft. Hier direkt im Zentrum der Altstadt befindet sich der \u201cR\u00f6mer\u201d, eines der sch\u00f6nsten Fachwerkh\u00e4user Rheinhessens. Um 1690 erbaut beherbergt es nach seiner kompletten Renovierung seit 1988 die Weinstube und ein kleines Hotel. &nbsp; Wir, die Eheleute Heiko und Angelika Schuckmann, haben es uns zur Aufgabe gemacht unseren G\u00e4sten bei gutem Wein und&nbsp;typisch regionalen Speisen rheinhessische Geselligkeit und Lebensart zu vermitteln. In heimeliger Atmosph\u00e4re und&nbsp;nat\u00fcrlicher Gastfreundschaft laden wir Sie zum Genie\u00dfen und Verweilen ein. \u00dcberzeugen Sie sich von den hauseigenen Weinen, Flaschenrarit\u00e4ten und Weinproben. Gerne richten wir auch Ihre Familien-&nbsp;oder Betriebsfeier in einem unserer Nebenr\u00e4ume aus. Sprechen Sie uns an. Wir freuen uns auf Sie.<\/p>\n\n\n\n<p>Heiko und Angelika Schuckmann<\/p>\n","protected":false},"excerpt":{"rendered":"<p>Herzlich willkommen&nbsp;in Alzey, der gem\u00fctlichen Kreisstadt im Herzen der rheinhessischen H\u00fcgellandschaft. Hier direkt im Zentrum der Altstadt befindet sich der \u201cR\u00f6mer\u201d, eines der sch\u00f6nsten Fachwerkh\u00e4user Rheinhessens. Um 1690 erbaut beherbergt es nach seiner kompletten Renovierung seit 1988 die Weinstube und ein kleines Hotel. &nbsp; Wir, die Eheleute Heiko und Angelika Schuckmann, haben es uns zur [&hellip;]<\/p>\n","protected":false},"author":1,"featured_media":102,"parent":0,"menu_order":0,"comment_status":"closed","ping_status":"closed","template":"page_full.php","meta":{"footnotes":""},"class_list":["post-538","page","type-page","status-publish","has-post-thumbnail","hentry"],"_links":{"self":[{"href":"https:\/\/hotel-weinstube-roemer.de\/index.php?rest_route=\/wp\/v2\/pages\/538","targetHints":{"allow":["GET"]}}],"collection":[{"href":"https:\/\/hotel-weinstube-roemer.de\/index.php?rest_route=\/wp\/v2\/pages"}],"about":[{"href":"https:\/\/hotel-weinstube-roemer.de\/index.php?rest_route=\/wp\/v2\/types\/page"}],"author":[{"embeddable":true,"href":"https:\/\/hotel-weinstube-roemer.de\/index.php?rest_route=\/wp\/v2\/users\/1"}],"replies":[{"embeddable":true,"href":"https:\/\/hotel-weinstube-roemer.de\/index.php?rest_route=%2Fwp%2Fv2%2Fcomments&post=538"}],"version-history":[{"count":4,"href":"https:\/\/hotel-weinstube-roemer.de\/index.php?rest_route=\/wp\/v2\/pages\/538\/revisions"}],"predecessor-version":[{"id":557,"href":"https:\/\/hotel-weinstube-roemer.de\/index.php?rest_route=\/wp\/v2\/pages\/538\/revisions\/557"}],"wp:featuredmedia":[{"embeddable":true,"href":"https:\/\/hotel-weinstube-roemer.de\/index.php?rest_route=\/wp\/v2\/media\/102"}],"wp:attachment":[{"href":"https:\/\/hotel-weinstube-roemer.de\/index.php?rest_route=%2Fwp%2Fv2%2Fmedia&parent=538"}],"curies":[{"name":"wp","href":"https:\/\/api.w.org\/{rel}","templated":true}]}}