{"id":8,"date":"2012-12-20T21:55:07","date_gmt":"2012-12-20T19:55:07","guid":{"rendered":"http:\/\/hotel-weinstube-roemer.de\/wordpress\/?page_id=8"},"modified":"2020-05-24T21:29:33","modified_gmt":"2020-05-24T19:29:33","slug":"weinstube","status":"publish","type":"page","link":"https:\/\/hotel-weinstube-roemer.de\/?page_id=8","title":{"rendered":"Weinstube"},"content":{"rendered":"<p>Zu unserer gem\u00fctlichen Weinstube z\u00e4hlt im Erdgescho\u00df ein attraktiver Nebenraum mit 30 \u2013 40 Pl\u00e4tzen und im I. OG ein weiterer Gastraum mit 30 Pl\u00e4tzen mit unverwechselbarem Ambiente.<\/p>\n<p>Unsere verschiedenen R\u00e4umlichkeiten eignen sich f\u00fcr kleine Gruppen ebenso gut, wie f\u00fcr <strong>Hochzeiten, Taufen, Firmenessen, Familienfeiern, &#8230;<\/strong><\/p>\n<p>Gerne planen wir, in einem Gespr\u00e4ch Ihre Festlichkeit. Dabei nehmen wir uns viel Zeit f\u00fcr Sie und\u00a0<strong>gehen im Detail auf Ihre Bed\u00fcrfnisse und W\u00fcnsche<\/strong>\u00a0ein. Wir decken Ihren Vorstellungen entsprechend die Tische festlich ein und stellen individuelle Men\u00fckarten f\u00fcr Sie zusammen, sodass Ihnen Ihre Feier noch lange positiv in Erinnerung bleibt.<\/p>\n<p><strong>Wir freuen uns auf Ihre Reservierung unter der Telefonnummer 0 67 31 \/ 44 38 9<\/strong><\/p>\n<h2>\u00c0-LA-CARTE<\/h2>\n<p>Die Rheinhessische K\u00fcche bietet, was das Herz begehrt.<\/p>\n<p>Im Winter geh\u00f6rt der Dibbehas und die Backesgrumbeere, im Sommer Ebbes aus de Pann un vum Grill, aus em Gaade oder Ebbes fer de Siese zu den Spezialit\u00e4ten.<\/p>\n<p>In unserer originell gestalteten Karte finden Sie ein reiches und breit gef\u00e4chertes Angebot \u201equer durch Rheinhessen\u201c, von der Markkl\u00f6sschensupp \u00fcber Spundek\u00e4s, Winzersteak, Rumpsteak, H\u00e4hnchenbrustfilets, Fisch bis hin zur Hausmacher Wurst und leckeren Desserts, um nur einige Beispiele zu nennen.<\/p>\n<p>Probieren Sie unsere hauseigenen Weine, Flaschenweinrarit\u00e4ten oder Weinproben vom Weingut Schuckmann S\u00f6hne. Jede Rebsorte hat ihre Eigenheiten und ihre Einzigartigkeit. Zu jedem Anlass, zu jeder Speise kann eine Rebsorte perfekt harmonieren.<\/p>\n<p>Im Sommer warten weitere Sitzpl\u00e4tze im Au\u00dfenbereich auf Sie mit Blick auf den Rossmarktbrunnen und die sehenswerten Fachwerkh\u00e4user im Herzen der Stadt Alzey.<\/p>\n<div style=\"background-color: #fffcdf; border: 0px;\">\n<blockquote>\n<p style=\"text-align: center;\"><em>&#8222;Guter Wein ist der beste Gesellschafter\u00a0<em>und jeder Mensch sollte sich von ihm begeistern lassen.&#8220;<\/em><\/em><\/p>\n<p style=\"text-align: center;\"><em>-William Shakespeare-<\/em><\/p>\n<p style=\"text-align: center;\">\n<\/blockquote>\n<\/div>\n","protected":false},"excerpt":{"rendered":"<p>Zu unserer gem\u00fctlichen Weinstube z\u00e4hlt im Erdgescho\u00df ein attraktiver Nebenraum mit 30 \u2013 40 Pl\u00e4tzen und im I. OG ein weiterer Gastraum mit 30 Pl\u00e4tzen mit unverwechselbarem Ambiente. Unsere verschiedenen R\u00e4umlichkeiten eignen sich f\u00fcr kleine Gruppen ebenso gut, wie f\u00fcr Hochzeiten, Taufen, Firmenessen, Familienfeiern, &#8230; Gerne planen wir, in einem Gespr\u00e4ch Ihre Festlichkeit. Dabei nehmen [&hellip;]<\/p>\n","protected":false},"author":1,"featured_media":364,"parent":0,"menu_order":1,"comment_status":"open","ping_status":"open","template":"page_full.php","meta":{"footnotes":""},"class_list":["post-8","page","type-page","status-publish","has-post-thumbnail","hentry"],"_links":{"self":[{"href":"https:\/\/hotel-weinstube-roemer.de\/index.php?rest_route=\/wp\/v2\/pages\/8","targetHints":{"allow":["GET"]}}],"collection":[{"href":"https:\/\/hotel-weinstube-roemer.de\/index.php?rest_route=\/wp\/v2\/pages"}],"about":[{"href":"https:\/\/hotel-weinstube-roemer.de\/index.php?rest_route=\/wp\/v2\/types\/page"}],"author":[{"embeddable":true,"href":"https:\/\/hotel-weinstube-roemer.de\/index.php?rest_route=\/wp\/v2\/users\/1"}],"replies":[{"embeddable":true,"href":"https:\/\/hotel-weinstube-roemer.de\/index.php?rest_route=%2Fwp%2Fv2%2Fcomments&post=8"}],"version-history":[{"count":71,"href":"https:\/\/hotel-weinstube-roemer.de\/index.php?rest_route=\/wp\/v2\/pages\/8\/revisions"}],"predecessor-version":[{"id":568,"href":"https:\/\/hotel-weinstube-roemer.de\/index.php?rest_route=\/wp\/v2\/pages\/8\/revisions\/568"}],"wp:featuredmedia":[{"embeddable":true,"href":"https:\/\/hotel-weinstube-roemer.de\/index.php?rest_route=\/wp\/v2\/media\/364"}],"wp:attachment":[{"href":"https:\/\/hotel-weinstube-roemer.de\/index.php?rest_route=%2Fwp%2Fv2%2Fmedia&parent=8"}],"curies":[{"name":"wp","href":"https:\/\/api.w.org\/{rel}","templated":true}]}}